{"id":104,"date":"2020-02-03T17:06:12","date_gmt":"2020-02-03T17:06:12","guid":{"rendered":"http:\/\/www.beritsahlstrom.se\/?page_id=104"},"modified":"2024-04-16T09:26:14","modified_gmt":"2024-04-16T09:26:14","slug":"om","status":"publish","type":"page","link":"https:\/\/www.beritsahlstrom.se\/en\/om\/","title":{"rendered":"ABOUT"},"content":{"rendered":"<div data-elementor-type=\"wp-page\" data-elementor-id=\"104\" class=\"elementor elementor-104\">\n\t\t\t\t\t\t<section class=\"elementor-section elementor-top-section elementor-element elementor-element-35d4ad67 elementor-section-boxed elementor-section-height-default elementor-section-height-default\" data-id=\"35d4ad67\" data-element_type=\"section\" data-e-type=\"section\">\n\t\t\t\t\t\t<div class=\"elementor-container elementor-column-gap-default\">\n\t\t\t\t\t<div class=\"elementor-column elementor-col-100 elementor-top-column elementor-element elementor-element-59eee996\" data-id=\"59eee996\" data-element_type=\"column\" data-e-type=\"column\">\n\t\t\t<div class=\"elementor-widget-wrap elementor-element-populated\">\n\t\t\t\t\t\t<div class=\"elementor-element elementor-element-a36e74c elementor-widget elementor-widget-text-editor\" data-id=\"a36e74c\" data-element_type=\"widget\" data-e-type=\"widget\" data-widget_type=\"text-editor.default\">\n\t\t\t\t<div class=\"elementor-widget-container\">\n\t\t\t\t\t\t\t\t\t<p class=\"translation-block\">After her artistic and academic education, Dr. Berit Sahlstr\u00f6m taught African art history general art history at Uppsala University. She worked as a researcher and lecturer in Uppsala, Link\u00f6ping and G\u00e4vle universities and she was a project leader in bilateral research and education projects with Univ. of Kwa-Zulu Natal, South Africa. She taught courses in artistic development\/theory and practice. She has published in the fields of cultural studies, art critic and African art history.\nShe has contributed with illustrations to Encyclopaedia Aethiopica, book covers for Sylvia Pankhurst, Citizen of the World, by S. Harrison, and illustrations to Woven Into the Tapestry. How Five Women Shaped Ethiopian History, Text by Tekeste Negash. Tapestries by Berit Sahlstr\u00f6m, Tsehai Publishers, Loyola Marymount University, 2016.<\/p>\t\t\t\t\t\t\t\t<\/div>\n\t\t\t\t<\/div>\n\t\t\t\t<div class=\"elementor-element elementor-element-766b76f elementor-widget elementor-widget-text-editor\" data-id=\"766b76f\" data-element_type=\"widget\" data-e-type=\"widget\" data-no-translation=\"\" data-widget_type=\"text-editor.default\">\n\t\t\t\t<div class=\"elementor-widget-container\">\n\t\t\t\t\t\t\t\t\t<p><em>M\u00e5la med tr\u00e5d,\u00a0L. Berg, BIZ&amp;ART nr 12 (p 34-38) (2010), Berit och Elin speglar olika v\u00e4rldar, Arbetarbladet 22 juli 2011, F\u00e4rgstarkt, Uppsala Nya Tidning 16 dec 2011,\u00a0<\/em><em style=\"font-family: var( --e-global-typography-text-font-family ), Sans-serif; font-size: 1rem;\">V\u00e4ver in kvinnorna i universitetshistorien, Sara Borsiin, ERGO 2016:3,\u00a0<\/em><em><span style=\"font-family: var( --e-global-typography-text-font-family ), Sans-serif;\"><span style=\"font-size: 1rem;\">\u00c5rets stipendiat nu utsedd, Ystads Allehanda 17 aug 2017, En sprudlande glad stipendiat, \u00d6sterlenmagasinet 24 aug 2017, Kvinnorna tar plats i <\/span><\/span>universitetshuset<span style=\"font-family: var( --e-global-typography-text-font-family ), Sans-serif;\"><span style=\"font-size: 1rem;\">\u00a0av Annica Hulth, Nya horisonter 1:2017,\u00a0<\/span><\/span><\/em><em style=\"font-family: var( --e-global-typography-text-font-family ), Sans-serif; font-size: 1rem;\">Sjufaldig kvinnokraft, Uppsala Nya tidning (2018), Konsten du inte ska missa, av Carolina S\u00f6derholm, Sydsvenskan 6 mars 2021, H\u00e4r finns konsten!, Sydsvenskan 22 aug 2022, S\u00e5 fick universitetet sitt kvinnorum, Uppsala Nya Tidning 5 jan 2022, Double vision, by Anna Sj\u00f6strand, V\u00c4V, Scandinavian Weaving Magazine 3:2022 (8-10) English\/Swedish<\/em><\/p>\n<p>\u00a0<\/p>\t\t\t\t\t\t\t\t<\/div>\n\t\t\t\t<\/div>\n\t\t\t\t<div class=\"elementor-element elementor-element-7b727b41 elementor-widget elementor-widget-text-editor\" data-id=\"7b727b41\" data-element_type=\"widget\" data-e-type=\"widget\" data-widget_type=\"text-editor.default\">\n\t\t\t\t<div class=\"elementor-widget-container\">\n\t\t\t\t\t\t\t\t\t<p><\/p>\n<p><strong style=\"font-size: 1rem;\">Artworks situated in public spaces<\/strong> <br \/>Gottsundabiblioteket,\u00a0Uppsala<br \/>London Borough of\u00a0Redridge, U.K.<br \/>Uppsala Cancerklinik<br \/>Stadsbibliotekets entr\u00e9, Uppsala<br \/>Lunds Universitet: Konstn\u00e4rliga fakultetens kansli, Malm\u00f6<br \/>Universitetshuset, Uppsala<br \/>Uppsala Kommun<br \/>L\u00e4kemedelsverket<br \/>Region Uppsala<br \/>Brusewitzsalen, Statsvetenskapliga inst, Gamla Torget, Uppsala<br \/>Gr\u00e4nby bibliotek<\/p>\n<p><\/p>\n<p><strong>Selected exhibitions<\/strong><br \/>2007 Cornell Univ., USA\u2028<br \/>2007 Sylvia Pankhurst Festival, Woodford, London, UK<br \/>2008 Women Arts Festival, Uppsala\u2028<br \/>2008 Fj\u00e4llstugan, J\u00f6nk\u00f6ping<br \/>2011 Uppl\u00e4ndsk salong, Uppsala konstmuseum<br \/>2011 Rosa Huset, G\u00e4vle, Sweden\u2028<br \/>2011 Berit Sahlstr\u00f6m m\u00e5lar med tr\u00e5d. Galleri1 Uppsala<br \/>2012 Uppsala Cancer Clinic<br \/>2014 \u00c5-huset, Uppsala Artists\u2019 Association Gallery<br \/>2016 Swedish Embassy, Addis Ababa<br \/>2016 Ethiopian Academy of Science, Addis Ababa<br \/>2016 Public City Library, Malm\u00f6\u2028<br \/>2018 Sofia University, Tokyo<br \/>2018 Institute of Developing Economies JETRO,\u00a0Tokyo, Japan\u00a0<br \/>2018 Nanzan University, Nagoya<br \/>2019 Kulturkuben, Vallentuna\/Stockholm<br \/>2020, 2021 Malm\u00f6, Galleri Rostrum<br \/>2022 Southern Sweden Design Days\/Malm\u00f6V\u00c4V<br \/><span style=\"font-family: var( --e-global-typography-text-font-family ), Sans-serif; font-size: 1rem;\">2022 If\u00f6 Center, Brom\u00f6lla<br \/><\/span>2023 Malm\u00f6V\u00c4V<br \/>2023-24 HV Galleri, Handarbetets V\u00e4nner, Stockholm<br \/>2023 Galleri 2, Uppsala<\/p>\n<p><\/p>\t\t\t\t\t\t\t\t<\/div>\n\t\t\t\t<\/div>\n\t\t\t\t<div class=\"elementor-element elementor-element-89d3d99 elementor-widget elementor-widget-text-editor\" data-id=\"89d3d99\" data-element_type=\"widget\" data-e-type=\"widget\" data-no-translation=\"\" data-widget_type=\"text-editor.default\">\n\t\t\t\t<div class=\"elementor-widget-container\">\n\t\t\t\t\t<style>.elementor-element-89d3d99{display:none !important}<\/style>\t\t\t\t<\/div>\n\t\t\t\t<\/div>\n\t\t\t\t<div class=\"elementor-element elementor-element-9891068 elementor-widget elementor-widget-text-editor\" data-id=\"9891068\" data-element_type=\"widget\" data-e-type=\"widget\" data-no-translation=\"\" data-widget_type=\"text-editor.default\">\n\t\t\t\t<div class=\"elementor-widget-container\">\n\t\t\t\t\t\t\t\t\t<p class=\"p1\">Berit Sahlstr\u00f6m is a member of Swedish Artist&#8217;s Organisation\/KRO, International and Swedish Associations of Art Critics\/AICA, Nordic Textile Art NTA, Swedish Artists&#8217; Region- South\/SAC-S. 2017 she was awarded travel scholarship by Bror Ljunggren Memorial Foundation (New York, Paris, Vienna)<\/p>\t\t\t\t\t\t\t\t<\/div>\n\t\t\t\t<\/div>\n\t\t\t\t\t<\/div>\n\t\t<\/div>\n\t\t\t\t\t<\/div>\n\t\t<\/section>\n\t\t\t\t<section class=\"elementor-section elementor-top-section elementor-element elementor-element-435da0f elementor-section-boxed elementor-section-height-default elementor-section-height-default\" data-id=\"435da0f\" data-element_type=\"section\" data-e-type=\"section\">\n\t\t\t\t\t\t<div class=\"elementor-container elementor-column-gap-default\">\n\t\t\t\t\t<div class=\"elementor-column elementor-col-100 elementor-top-column elementor-element elementor-element-aa78f14\" data-id=\"aa78f14\" data-element_type=\"column\" data-e-type=\"column\">\n\t\t\t<div class=\"elementor-widget-wrap elementor-element-populated\">\n\t\t\t\t\t\t<div class=\"elementor-element elementor-element-41a3af5 elementor-widget elementor-widget-text-editor\" data-id=\"41a3af5\" data-element_type=\"widget\" data-e-type=\"widget\" data-no-translation=\"\" data-widget_type=\"text-editor.default\">\n\t\t\t\t<div class=\"elementor-widget-container\">\n\t\t\t\t\t<style>.elementor-element-41a3af5{display:none !important}<\/style>\t\t\t\t<\/div>\n\t\t\t\t<\/div>\n\t\t\t\t\t<\/div>\n\t\t<\/div>\n\t\t\t\t\t<\/div>\n\t\t<\/section>\n\t\t\t\t<\/div>","protected":false},"excerpt":{"rendered":"<p>Berit Sahlstr\u00f6m (f 1951)1974 Kursverksamhetens konstskola, Uppsala.1990 Fil dr i konstvetenskap1990-2006 Forskare, l\u00e4rare, Uppsala, Link\u00f6ping, G\u00e4vle1999-2006 Bilat. samarbete, Univ. of KwaZulu-Natal, Sydafrika.\u00a02006- Konstn\u00e4r M\u00e5la med tr\u00e5d,\u00a0L. Berg, BIZ&amp;ART nr 12 (p 34-38) (2010), Berit och Elin speglar olika v\u00e4rldar, Arbetarbladet 22 juli 2011, F\u00e4rgstarkt, Uppsala Nya Tidning 16 dec 2011,\u00a0V\u00e4ver in kvinnorna i universitetshistorien, Sara &hellip; <\/p>\n<p class=\"link-more\"><a href=\"https:\/\/www.beritsahlstrom.se\/en\/om\/\" class=\"more-link\">Continue reading<span class=\"screen-reader-text\"> &#8221;Om&#8221;<\/span><\/a><\/p>","protected":false},"author":1,"featured_media":0,"parent":0,"menu_order":0,"comment_status":"closed","ping_status":"closed","template":"","meta":{"footnotes":""},"class_list":["post-104","page","type-page","status-publish","hentry"],"_links":{"self":[{"href":"https:\/\/www.beritsahlstrom.se\/en\/wp-json\/wp\/v2\/pages\/104","targetHints":{"allow":["GET"]}}],"collection":[{"href":"https:\/\/www.beritsahlstrom.se\/en\/wp-json\/wp\/v2\/pages"}],"about":[{"href":"https:\/\/www.beritsahlstrom.se\/en\/wp-json\/wp\/v2\/types\/page"}],"author":[{"embeddable":true,"href":"https:\/\/www.beritsahlstrom.se\/en\/wp-json\/wp\/v2\/users\/1"}],"replies":[{"embeddable":true,"href":"https:\/\/www.beritsahlstrom.se\/en\/wp-json\/wp\/v2\/comments?post=104"}],"version-history":[{"count":101,"href":"https:\/\/www.beritsahlstrom.se\/en\/wp-json\/wp\/v2\/pages\/104\/revisions"}],"predecessor-version":[{"id":544,"href":"https:\/\/www.beritsahlstrom.se\/en\/wp-json\/wp\/v2\/pages\/104\/revisions\/544"}],"wp:attachment":[{"href":"https:\/\/www.beritsahlstrom.se\/en\/wp-json\/wp\/v2\/media?parent=104"}],"curies":[{"name":"wp","href":"https:\/\/api.w.org\/{rel}","templated":true}]}}